{"id":1004,"date":"2021-11-12T11:09:33","date_gmt":"2021-11-12T09:09:33","guid":{"rendered":"https:\/\/aimia.cat\/?page_id=1004"},"modified":"2022-10-28T13:09:04","modified_gmt":"2022-10-28T11:09:04","slug":"grupos-1","status":"publish","type":"page","link":"https:\/\/aimia.cat\/es\/los-menus\/grupos-1\/","title":{"rendered":"GRUPOS 1"},"content":{"rendered":"\t\t<div data-elementor-type=\"wp-page\" data-elementor-id=\"1004\" class=\"elementor elementor-1004 elementor-994\" data-elementor-post-type=\"page\">\n\t\t\t\t\t\t<section class=\"elementor-section elementor-top-section elementor-element elementor-element-46d7a1a elementor-section-height-min-height elementor-section-boxed elementor-section-height-default elementor-section-items-middle\" data-id=\"46d7a1a\" data-element_type=\"section\" data-e-type=\"section\">\n\t\t\t\t\t\t<div class=\"elementor-container elementor-column-gap-default\">\n\t\t\t\t\t<div class=\"elementor-column elementor-col-100 elementor-top-column elementor-element elementor-element-8579424\" data-id=\"8579424\" data-element_type=\"column\" data-e-type=\"column\">\n\t\t\t<div class=\"elementor-widget-wrap elementor-element-populated\">\n\t\t\t\t\t\t<div class=\"elementor-element elementor-element-1699b1a elementor-widget__width-auto elementor-widget elementor-widget-heading\" data-id=\"1699b1a\" data-element_type=\"widget\" data-e-type=\"widget\" data-widget_type=\"heading.default\">\n\t\t\t\t<div class=\"elementor-widget-container\">\n\t\t\t\t\t<h1 class=\"elementor-heading-title elementor-size-default\">LOS MEN\u00daS<\/h1>\t\t\t\t<\/div>\n\t\t\t\t<\/div>\n\t\t\t\t<div class=\"elementor-element elementor-element-4b6bd5b elementor-widget__width-auto elementor-widget elementor-widget-heading\" data-id=\"4b6bd5b\" data-element_type=\"widget\" data-e-type=\"widget\" data-widget_type=\"heading.default\">\n\t\t\t\t<div class=\"elementor-widget-container\">\n\t\t\t\t\t<span class=\"elementor-heading-title elementor-size-default\">:<\/span>\t\t\t\t<\/div>\n\t\t\t\t<\/div>\n\t\t\t\t<div class=\"elementor-element elementor-element-6760907 elementor-widget__width-auto elementor-widget elementor-widget-wp-widget-nav_menu\" data-id=\"6760907\" data-element_type=\"widget\" data-e-type=\"widget\" data-widget_type=\"wp-widget-nav_menu.default\">\n\t\t\t\t<div class=\"elementor-widget-container\">\n\t\t\t\t\t<nav class=\"menu-menus-cast-container\" aria-label=\"Men\u00fa\"><ul id=\"menu-menus-cast\" class=\"menu\"><li id=\"menu-item-732\" class=\"menu-item-732\"><a href=\"https:\/\/aimia.cat\/es\/los-menus\/aimia\/\">AIMIA<\/a><\/li>\n<li id=\"menu-item-733\" class=\"menu-item-733\"><a href=\"https:\/\/aimia.cat\/es\/los-menus\/alma-de-aimia\/\">ALMA de Aimia<\/a><\/li>\n<li id=\"menu-item-1254\" class=\"menu-item-1254\"><a href=\"https:\/\/aimia.cat\/es\/los-menus\/compartir\/\">COMPARTIR<\/a><\/li>\n<li id=\"menu-item-1004\" class=\"menu-item-1004\"><a href=\"https:\/\/aimia.cat\/es\/los-menus\/grupos-1\/\">GRUPOS 1<\/a><\/li>\n<li id=\"menu-item-1005\" class=\"menu-item-1005\"><a href=\"https:\/\/aimia.cat\/es\/los-menus\/grupos-2\/\">GRUPOS 2<\/a><\/li>\n<\/ul><\/nav>\t\t\t\t<\/div>\n\t\t\t\t<\/div>\n\t\t\t\t\t<\/div>\n\t\t<\/div>\n\t\t\t\t\t<\/div>\n\t\t<\/section>\n\t\t\t\t<section class=\"elementor-section elementor-top-section elementor-element elementor-element-d2e27bd elementor-section-boxed elementor-section-height-default elementor-section-height-default\" data-id=\"d2e27bd\" data-element_type=\"section\" data-e-type=\"section\">\n\t\t\t\t\t\t<div class=\"elementor-container elementor-column-gap-default\">\n\t\t\t\t\t<div class=\"elementor-column elementor-col-100 elementor-top-column elementor-element elementor-element-cab74a8\" data-id=\"cab74a8\" data-element_type=\"column\" data-e-type=\"column\">\n\t\t\t<div class=\"elementor-widget-wrap elementor-element-populated\">\n\t\t\t\t\t\t<div class=\"elementor-element elementor-element-6b37c4e elementor-widget elementor-widget-heading\" data-id=\"6b37c4e\" data-element_type=\"widget\" data-e-type=\"widget\" data-widget_type=\"heading.default\">\n\t\t\t\t<div class=\"elementor-widget-container\">\n\t\t\t\t\t<h2 class=\"elementor-heading-title elementor-size-default\">MEN\u00da PARA<strong> GRUPOS 1<\/strong><\/h2>\t\t\t\t<\/div>\n\t\t\t\t<\/div>\n\t\t\t\t<div class=\"elementor-element elementor-element-819f464 elementor-widget elementor-widget-heading\" data-id=\"819f464\" data-element_type=\"widget\" data-e-type=\"widget\" data-widget_type=\"heading.default\">\n\t\t\t\t<div class=\"elementor-widget-container\">\n\t\t\t\t\t<h2 class=\"elementor-heading-title elementor-size-default\">APERITIVOS\n<\/h2>\t\t\t\t<\/div>\n\t\t\t\t<\/div>\n\t\t\t\t<div class=\"elementor-element elementor-element-95cd0af elementor-widget elementor-widget-text-editor\" data-id=\"95cd0af\" data-element_type=\"widget\" data-e-type=\"widget\" data-widget_type=\"text-editor.default\">\n\t\t\t\t<div class=\"elementor-widget-container\">\n\t\t\t\t\t\t\t\t\t<p>Croqueta de gamba thai<br \/>Crema de calabaza con setas y caviar de salm\u00f3n<br \/>Carpaccio de presa ib\u00e9rica con emulsi\u00f3n de piparra y mel\u00f3n al fino<br \/>Taco de pollo de corral eco asado a la catalana<\/p>\t\t\t\t\t\t\t\t<\/div>\n\t\t\t\t<\/div>\n\t\t\t\t<div class=\"elementor-element elementor-element-5c06ee9 elementor-widget elementor-widget-heading\" data-id=\"5c06ee9\" data-element_type=\"widget\" data-e-type=\"widget\" data-widget_type=\"heading.default\">\n\t\t\t\t<div class=\"elementor-widget-container\">\n\t\t\t\t\t<h2 class=\"elementor-heading-title elementor-size-default\">SEGUNDO A ESCOGER\n<\/h2>\t\t\t\t<\/div>\n\t\t\t\t<\/div>\n\t\t\t\t<div class=\"elementor-element elementor-element-7deb2f6 elementor-widget elementor-widget-text-editor\" data-id=\"7deb2f6\" data-element_type=\"widget\" data-e-type=\"widget\" data-widget_type=\"text-editor.default\">\n\t\t\t\t<div class=\"elementor-widget-container\">\n\t\t\t\t\t\t\t\t\t<p>Calamar asado con salsa de fino y ajos negros y cebolla en la ceniza de cal\u00e7ots<br \/>Merluza de palangre con pil-pil de setas y berberechos al natural<br \/>Mejilla de ternera en la \u201cbourguignon\u201d<br \/>Chulet\u00f3n de cerdo dur\u00f3cillo a la brasa con chutney de mango y mandarina<br \/>Steak tartar de ternera con briox tostado y mantequilla en el estrag\u00f3n y foie<\/p>\t\t\t\t\t\t\t\t<\/div>\n\t\t\t\t<\/div>\n\t\t\t\t<div class=\"elementor-element elementor-element-9beab77 elementor-widget elementor-widget-heading\" data-id=\"9beab77\" data-element_type=\"widget\" data-e-type=\"widget\" data-widget_type=\"heading.default\">\n\t\t\t\t<div class=\"elementor-widget-container\">\n\t\t\t\t\t<h2 class=\"elementor-heading-title elementor-size-default\">POSTRE A ESCOGER\n<\/h2>\t\t\t\t<\/div>\n\t\t\t\t<\/div>\n\t\t\t\t<div class=\"elementor-element elementor-element-8cbe7ad elementor-widget elementor-widget-text-editor\" data-id=\"8cbe7ad\" data-element_type=\"widget\" data-e-type=\"widget\" data-widget_type=\"text-editor.default\">\n\t\t\t\t<div class=\"elementor-widget-container\">\n\t\t\t\t\t\t\t\t\t<p>Crema de maracuy\u00e1 con espuma de coco y granizado menta<br \/>Oda a los c\u00edtricos<br \/>Nuestro tiramis\u00fa<br \/>Cake de chocolate y almendra con chantilly de leche de oveja y confitura de pimiento escalivado<\/p>\t\t\t\t\t\t\t\t<\/div>\n\t\t\t\t<\/div>\n\t\t\t\t<div class=\"elementor-element elementor-element-6c94b4f elementor-widget elementor-widget-text-editor\" data-id=\"6c94b4f\" data-element_type=\"widget\" data-e-type=\"widget\" data-widget_type=\"text-editor.default\">\n\t\t\t\t<div class=\"elementor-widget-container\">\n\t\t\t\t\t\t\t\t\t<p>Pan, agua y caf\u00e9<br \/>Vino blanco y tinto D.O. Terra Alta<\/p>\t\t\t\t\t\t\t\t<\/div>\n\t\t\t\t<\/div>\n\t\t\t\t<div class=\"elementor-element elementor-element-b1eec0a elementor-widget elementor-widget-heading\" data-id=\"b1eec0a\" data-element_type=\"widget\" data-e-type=\"widget\" data-widget_type=\"heading.default\">\n\t\t\t\t<div class=\"elementor-widget-container\">\n\t\t\t\t\t<h2 class=\"elementor-heading-title elementor-size-default\">45\u20ac por persona \/ IVA inc<\/h2>\t\t\t\t<\/div>\n\t\t\t\t<\/div>\n\t\t\t\t<div class=\"elementor-element elementor-element-327cffd elementor-align-center elementor-widget__width-initial elementor-widget elementor-widget-button\" data-id=\"327cffd\" data-element_type=\"widget\" data-e-type=\"widget\" data-widget_type=\"button.default\">\n\t\t\t\t<div class=\"elementor-widget-container\">\n\t\t\t\t\t\t\t\t\t<div class=\"elementor-button-wrapper\">\n\t\t\t\t\t<a class=\"elementor-button elementor-button-link elementor-size-sm\" href=\"https:\/\/aimia.cat\/es\/reservas\/\" target=\"_blank\">\n\t\t\t\t\t\t<span class=\"elementor-button-content-wrapper\">\n\t\t\t\t\t\t\t\t\t<span class=\"elementor-button-text\">RESERVA<\/span>\n\t\t\t\t\t<\/span>\n\t\t\t\t\t<\/a>\n\t\t\t\t<\/div>\n\t\t\t\t\t\t\t\t<\/div>\n\t\t\t\t<\/div>\n\t\t\t\t<div class=\"elementor-element elementor-element-ecf594d elementor-align-center elementor-widget__width-initial elementor-widget elementor-widget-button\" data-id=\"ecf594d\" data-element_type=\"widget\" data-e-type=\"widget\" data-widget_type=\"button.default\">\n\t\t\t\t<div class=\"elementor-widget-container\">\n\t\t\t\t\t\t\t\t\t<div class=\"elementor-button-wrapper\">\n\t\t\t\t\t<a class=\"elementor-button elementor-button-link elementor-size-sm\" href=\"https:\/\/aimia.cat\/es\/regala-aimia\/\">\n\t\t\t\t\t\t<span class=\"elementor-button-content-wrapper\">\n\t\t\t\t\t\t\t\t\t<span class=\"elementor-button-text\">REGALAR<\/span>\n\t\t\t\t\t<\/span>\n\t\t\t\t\t<\/a>\n\t\t\t\t<\/div>\n\t\t\t\t\t\t\t\t<\/div>\n\t\t\t\t<\/div>\n\t\t\t\t<div class=\"elementor-element elementor-element-fdbf264 elementor-align-center elementor-widget__width-initial elementor-widget elementor-widget-button\" data-id=\"fdbf264\" data-element_type=\"widget\" data-e-type=\"widget\" data-widget_type=\"button.default\">\n\t\t\t\t<div class=\"elementor-widget-container\">\n\t\t\t\t\t\t\t\t\t<div class=\"elementor-button-wrapper\">\n\t\t\t\t\t<a class=\"elementor-button elementor-button-link elementor-size-sm\" href=\"https:\/\/aimia.cat\/es\/contacto\/\">\n\t\t\t\t\t\t<span class=\"elementor-button-content-wrapper\">\n\t\t\t\t\t\t\t\t\t<span class=\"elementor-button-text\">CONTACTE<\/span>\n\t\t\t\t\t<\/span>\n\t\t\t\t\t<\/a>\n\t\t\t\t<\/div>\n\t\t\t\t\t\t\t\t<\/div>\n\t\t\t\t<\/div>\n\t\t\t\t\t<\/div>\n\t\t<\/div>\n\t\t\t\t\t<\/div>\n\t\t<\/section>\n\t\t\t\t<\/div>\n\t\t","protected":false},"excerpt":{"rendered":"<p>LOS MEN\u00daS : MEN\u00da PARA GRUPOS 1 APERITIVOS Croqueta de gamba thaiCrema de calabaza con setas y caviar de salm\u00f3nCarpaccio de presa ib\u00e9rica con emulsi\u00f3n de piparra y mel\u00f3n al finoTaco de pollo de corral eco asado a la catalana SEGUNDO A ESCOGER Calamar asado con salsa de fino y ajos negros y cebolla en [&hellip;]<\/p>\n","protected":false},"author":1,"featured_media":0,"parent":723,"menu_order":0,"comment_status":"closed","ping_status":"closed","template":"","meta":{"footnotes":""},"class_list":["post-1004","page","type-page","status-publish","hentry"],"_links":{"self":[{"href":"https:\/\/aimia.cat\/es\/wp-json\/wp\/v2\/pages\/1004","targetHints":{"allow":["GET"]}}],"collection":[{"href":"https:\/\/aimia.cat\/es\/wp-json\/wp\/v2\/pages"}],"about":[{"href":"https:\/\/aimia.cat\/es\/wp-json\/wp\/v2\/types\/page"}],"author":[{"embeddable":true,"href":"https:\/\/aimia.cat\/es\/wp-json\/wp\/v2\/users\/1"}],"replies":[{"embeddable":true,"href":"https:\/\/aimia.cat\/es\/wp-json\/wp\/v2\/comments?post=1004"}],"version-history":[{"count":7,"href":"https:\/\/aimia.cat\/es\/wp-json\/wp\/v2\/pages\/1004\/revisions"}],"predecessor-version":[{"id":1095,"href":"https:\/\/aimia.cat\/es\/wp-json\/wp\/v2\/pages\/1004\/revisions\/1095"}],"up":[{"embeddable":true,"href":"https:\/\/aimia.cat\/es\/wp-json\/wp\/v2\/pages\/723"}],"wp:attachment":[{"href":"https:\/\/aimia.cat\/es\/wp-json\/wp\/v2\/media?parent=1004"}],"curies":[{"name":"wp","href":"https:\/\/api.w.org\/{rel}","templated":true}]}}