{"id":718,"date":"2021-06-18T06:37:48","date_gmt":"2021-06-18T04:37:48","guid":{"rendered":"https:\/\/aimia.cat\/aimia-restaurant-lleida\/"},"modified":"2021-06-29T10:51:21","modified_gmt":"2021-06-29T08:51:21","slug":"aimia-restaurant-lleida","status":"publish","type":"page","link":"https:\/\/aimia.cat\/es\/","title":{"rendered":"Aimia Restaurante Lleida"},"content":{"rendered":"\t\t<div data-elementor-type=\"wp-page\" data-elementor-id=\"718\" class=\"elementor elementor-718 elementor-15\" data-elementor-post-type=\"page\">\n\t\t\t\t\t\t<section class=\"elementor-section elementor-top-section elementor-element elementor-element-a78ad2a elementor-section-boxed elementor-section-height-default elementor-section-height-default\" data-id=\"a78ad2a\" data-element_type=\"section\" data-e-type=\"section\">\n\t\t\t\t\t\t<div class=\"elementor-container elementor-column-gap-default\">\n\t\t\t\t\t<div class=\"elementor-column elementor-col-100 elementor-top-column elementor-element elementor-element-ee29e9d\" data-id=\"ee29e9d\" data-element_type=\"column\" data-e-type=\"column\">\n\t\t\t<div class=\"elementor-widget-wrap elementor-element-populated\">\n\t\t\t\t\t\t<div class=\"elementor-element elementor-element-8a27189 elementor-widget elementor-widget-heading\" data-id=\"8a27189\" data-element_type=\"widget\" data-e-type=\"widget\" data-widget_type=\"heading.default\">\n\t\t\t\t<div class=\"elementor-widget-container\">\n\t\t\t\t\t<div class=\"elementor-heading-title elementor-size-default\">Oficio, Pasi\u00f3n, Detalle y Calidad<\/div>\t\t\t\t<\/div>\n\t\t\t\t<\/div>\n\t\t\t\t<div class=\"elementor-element elementor-element-175010b elementor-widget elementor-widget-text-editor\" data-id=\"175010b\" data-element_type=\"widget\" data-e-type=\"widget\" data-widget_type=\"text-editor.default\">\n\t\t\t\t<div class=\"elementor-widget-container\">\n\t\t\t\t\t\t\t\t\t<p>Hola, soy Jordi Pall\u00e0s y me encontrar\u00e1s en el restaurante Aimia de Lleida haciendo lo que m\u00e1s me gusta: <strong>cocinar para ti<\/strong>.<\/p><p>Desde el a\u00f1o 2012, y junto a un equipo humano y cercano, transformo mi visi\u00f3n del mundo de la gastronom\u00eda en una <strong>cocina con ra\u00edces, sabrosa e intuitiva<\/strong> que busca la armon\u00eda entre tradici\u00f3n y modernidad.<\/p>\t\t\t\t\t\t\t\t<\/div>\n\t\t\t\t<\/div>\n\t\t\t\t<div class=\"elementor-element elementor-element-d96fcb3 elementor-widget elementor-widget-heading\" data-id=\"d96fcb3\" data-element_type=\"widget\" data-e-type=\"widget\" data-widget_type=\"heading.default\">\n\t\t\t\t<div class=\"elementor-widget-container\">\n\t\t\t\t\t<div class=\"elementor-heading-title elementor-size-default\">Para que disfrutes de una experiencia deliciosa y agradable.<\/div>\t\t\t\t<\/div>\n\t\t\t\t<\/div>\n\t\t\t\t<div class=\"elementor-element elementor-element-545bc84 elementor-align-center elementor-widget elementor-widget-button\" data-id=\"545bc84\" data-element_type=\"widget\" data-e-type=\"widget\" data-widget_type=\"button.default\">\n\t\t\t\t<div class=\"elementor-widget-container\">\n\t\t\t\t\t\t\t\t\t<div class=\"elementor-button-wrapper\">\n\t\t\t\t\t<a class=\"elementor-button elementor-button-link elementor-size-sm\" href=\"https:\/\/aimia.cat\/es\/reservas\/\" target=\"_blank\">\n\t\t\t\t\t\t<span class=\"elementor-button-content-wrapper\">\n\t\t\t\t\t\t\t\t\t<span class=\"elementor-button-text\">RESERVA<\/span>\n\t\t\t\t\t<\/span>\n\t\t\t\t\t<\/a>\n\t\t\t\t<\/div>\n\t\t\t\t\t\t\t\t<\/div>\n\t\t\t\t<\/div>\n\t\t\t\t<div class=\"elementor-element elementor-element-27ad613 elementor-arrows-position-inside elementor-widget elementor-widget-image-carousel\" data-id=\"27ad613\" data-element_type=\"widget\" data-e-type=\"widget\" data-settings=\"{&quot;slides_to_show&quot;:&quot;1&quot;,&quot;slides_to_show_tablet&quot;:&quot;1&quot;,&quot;navigation&quot;:&quot;arrows&quot;,&quot;autoplay&quot;:&quot;yes&quot;,&quot;pause_on_hover&quot;:&quot;yes&quot;,&quot;pause_on_interaction&quot;:&quot;yes&quot;,&quot;autoplay_speed&quot;:5000,&quot;infinite&quot;:&quot;yes&quot;,&quot;effect&quot;:&quot;slide&quot;,&quot;speed&quot;:500}\" data-widget_type=\"image-carousel.default\">\n\t\t\t\t<div class=\"elementor-widget-container\">\n\t\t\t\t\t\t\t<div class=\"elementor-image-carousel-wrapper swiper\" role=\"region\" aria-roledescription=\"carousel\" aria-label=\"Carrusel de im\u00e1genes\" dir=\"ltr\">\n\t\t\t<div class=\"elementor-image-carousel swiper-wrapper swiper-image-stretch\" aria-live=\"off\">\n\t\t\t\t\t\t\t\t<div class=\"swiper-slide\" role=\"group\" aria-roledescription=\"slide\" aria-label=\"1 de 3\"><a data-elementor-open-lightbox=\"yes\" data-elementor-lightbox-slideshow=\"27ad613\" data-e-action-hash=\"#elementor-action%3Aaction%3Dlightbox%26settings%3DeyJpZCI6MjY1LCJ1cmwiOiJodHRwczpcL1wvYWltaWEuY2F0XC93cC1jb250ZW50XC91cGxvYWRzXC9haW1pYS1yZXN0YXVyYW50LWxsZWlkYS1jdWluYS0wMS5qcGciLCJzbGlkZXNob3ciOiIyN2FkNjEzIn0%3D\" href=\"https:\/\/aimia.cat\/wp-content\/uploads\/aimia-restaurant-lleida-cuina-01.jpg\"><figure class=\"swiper-slide-inner\"><img decoding=\"async\" class=\"swiper-slide-image\" src=\"https:\/\/aimia.cat\/wp-content\/uploads\/aimia-restaurant-lleida-cuina-01.jpg\" alt=\"aimia-restaurant-lleida-cuina-01\" \/><\/figure><\/a><\/div><div class=\"swiper-slide\" role=\"group\" aria-roledescription=\"slide\" aria-label=\"2 de 3\"><a data-elementor-open-lightbox=\"yes\" data-elementor-lightbox-slideshow=\"27ad613\" data-e-action-hash=\"#elementor-action%3Aaction%3Dlightbox%26settings%3DeyJpZCI6MjYxLCJ1cmwiOiJodHRwczpcL1wvYWltaWEuY2F0XC93cC1jb250ZW50XC91cGxvYWRzXC9haW1pYS1yZXN0YXVyYW50LWxsZWlkYS0wMi5qcGciLCJzbGlkZXNob3ciOiIyN2FkNjEzIn0%3D\" href=\"https:\/\/aimia.cat\/wp-content\/uploads\/aimia-restaurant-lleida-02.jpg\"><figure class=\"swiper-slide-inner\"><img decoding=\"async\" class=\"swiper-slide-image\" src=\"https:\/\/aimia.cat\/wp-content\/uploads\/aimia-restaurant-lleida-02.jpg\" alt=\"aimia-restaurant-lleida-02\" \/><\/figure><\/a><\/div><div class=\"swiper-slide\" role=\"group\" aria-roledescription=\"slide\" aria-label=\"3 de 3\"><a data-elementor-open-lightbox=\"yes\" data-elementor-lightbox-slideshow=\"27ad613\" data-e-action-hash=\"#elementor-action%3Aaction%3Dlightbox%26settings%3DeyJpZCI6MjYzLCJ1cmwiOiJodHRwczpcL1wvYWltaWEuY2F0XC93cC1jb250ZW50XC91cGxvYWRzXC9haW1pYS1yZXN0YXVyYW50LWxsZWlkYS0wMy5qcGciLCJzbGlkZXNob3ciOiIyN2FkNjEzIn0%3D\" href=\"https:\/\/aimia.cat\/wp-content\/uploads\/aimia-restaurant-lleida-03.jpg\"><figure class=\"swiper-slide-inner\"><img decoding=\"async\" class=\"swiper-slide-image\" src=\"https:\/\/aimia.cat\/wp-content\/uploads\/aimia-restaurant-lleida-03.jpg\" alt=\"aimia-restaurant-lleida-03\" \/><\/figure><\/a><\/div>\t\t\t<\/div>\n\t\t\t\t\t\t\t\t\t\t\t\t<div class=\"elementor-swiper-button elementor-swiper-button-prev\" role=\"button\" tabindex=\"0\">\n\t\t\t\t\t\t<i aria-hidden=\"true\" class=\"eicon-chevron-left\"><\/i>\t\t\t\t\t<\/div>\n\t\t\t\t\t<div class=\"elementor-swiper-button elementor-swiper-button-next\" role=\"button\" tabindex=\"0\">\n\t\t\t\t\t\t<i aria-hidden=\"true\" class=\"eicon-chevron-right\"><\/i>\t\t\t\t\t<\/div>\n\t\t\t\t\n\t\t\t\t\t\t\t\t\t<\/div>\n\t\t\t\t\t\t<\/div>\n\t\t\t\t<\/div>\n\t\t\t\t<div class=\"elementor-element elementor-element-3d4525d elementor-widget elementor-widget-heading\" data-id=\"3d4525d\" data-element_type=\"widget\" data-e-type=\"widget\" data-widget_type=\"heading.default\">\n\t\t\t\t<div class=\"elementor-widget-container\">\n\t\t\t\t\t<h2 class=\"elementor-heading-title elementor-size-default\"><a href=\"https:\/\/aimia.cat\/es\/cocina\/\">Cocina<\/a><\/h2>\t\t\t\t<\/div>\n\t\t\t\t<\/div>\n\t\t\t\t<div class=\"elementor-element elementor-element-557cace elementor-widget elementor-widget-text-editor\" data-id=\"557cace\" data-element_type=\"widget\" data-e-type=\"widget\" data-widget_type=\"text-editor.default\">\n\t\t\t\t<div class=\"elementor-widget-container\">\n\t\t\t\t\t\t\t\t\t<p>Te damos envidia sana con algunos de nuestros platos&#8230;<\/p>\t\t\t\t\t\t\t\t<\/div>\n\t\t\t\t<\/div>\n\t\t\t\t<div class=\"elementor-element elementor-element-fe8c637 elementor-widget elementor-widget-image\" data-id=\"fe8c637\" data-element_type=\"widget\" data-e-type=\"widget\" data-widget_type=\"image.default\">\n\t\t\t\t<div class=\"elementor-widget-container\">\n\t\t\t\t\t\t\t\t\t\t\t\t\t\t\t\t<a href=\"https:\/\/aimia.cat\/wp-content\/uploads\/aimia-restaurant-lleida-equip.jpg\" data-elementor-open-lightbox=\"yes\" data-e-action-hash=\"#elementor-action%3Aaction%3Dlightbox%26settings%3DeyJpZCI6MjY3LCJ1cmwiOiJodHRwczpcL1wvYWltaWEuY2F0XC93cC1jb250ZW50XC91cGxvYWRzXC9haW1pYS1yZXN0YXVyYW50LWxsZWlkYS1lcXVpcC5qcGcifQ%3D%3D\">\n\t\t\t\t\t\t\t<img fetchpriority=\"high\" decoding=\"async\" width=\"1200\" height=\"801\" src=\"https:\/\/aimia.cat\/wp-content\/uploads\/aimia-restaurant-lleida-equip.jpg\" class=\"attachment-large size-large wp-image-267\" alt=\"\" srcset=\"https:\/\/aimia.cat\/wp-content\/uploads\/aimia-restaurant-lleida-equip.jpg 1200w, https:\/\/aimia.cat\/wp-content\/uploads\/aimia-restaurant-lleida-equip-768x513.jpg 768w\" sizes=\"(max-width: 1200px) 100vw, 1200px\" \/>\t\t\t\t\t\t\t\t<\/a>\n\t\t\t\t\t\t\t\t\t\t\t\t\t\t\t<\/div>\n\t\t\t\t<\/div>\n\t\t\t\t<div class=\"elementor-element elementor-element-fbd7098 elementor-widget elementor-widget-heading\" data-id=\"fbd7098\" data-element_type=\"widget\" data-e-type=\"widget\" data-widget_type=\"heading.default\">\n\t\t\t\t<div class=\"elementor-widget-container\">\n\t\t\t\t\t<h2 class=\"elementor-heading-title elementor-size-default\"><a href=\"https:\/\/aimia.cat\/es\/equipo\/\">Equipo<\/a><\/h2>\t\t\t\t<\/div>\n\t\t\t\t<\/div>\n\t\t\t\t<div class=\"elementor-element elementor-element-d7c65bf elementor-widget elementor-widget-text-editor\" data-id=\"d7c65bf\" data-element_type=\"widget\" data-e-type=\"widget\" data-widget_type=\"text-editor.default\">\n\t\t\t\t<div class=\"elementor-widget-container\">\n\t\t\t\t\t\t\t\t\t<p>En Aimia tenemos la inmensa suerte de trabajar desde hace mucho tiempo un equipo de profesionales unido, humano y cercano.<\/p>\t\t\t\t\t\t\t\t<\/div>\n\t\t\t\t<\/div>\n\t\t\t\t<div class=\"elementor-element elementor-element-a946f04 elementor-widget elementor-widget-image\" data-id=\"a946f04\" data-element_type=\"widget\" data-e-type=\"widget\" data-widget_type=\"image.default\">\n\t\t\t\t<div class=\"elementor-widget-container\">\n\t\t\t\t\t\t\t\t\t\t\t\t\t\t\t\t<a href=\"https:\/\/aimia.cat\/wp-content\/uploads\/aimia-restaurant-lleida-espai.jpg\" data-elementor-open-lightbox=\"yes\" data-e-action-hash=\"#elementor-action%3Aaction%3Dlightbox%26settings%3DeyJpZCI6MjY5LCJ1cmwiOiJodHRwczpcL1wvYWltaWEuY2F0XC93cC1jb250ZW50XC91cGxvYWRzXC9haW1pYS1yZXN0YXVyYW50LWxsZWlkYS1lc3BhaS5qcGcifQ%3D%3D\">\n\t\t\t\t\t\t\t<img decoding=\"async\" width=\"1200\" height=\"801\" src=\"https:\/\/aimia.cat\/wp-content\/uploads\/aimia-restaurant-lleida-espai.jpg\" class=\"attachment-large size-large wp-image-269\" alt=\"\" srcset=\"https:\/\/aimia.cat\/wp-content\/uploads\/aimia-restaurant-lleida-espai.jpg 1200w, https:\/\/aimia.cat\/wp-content\/uploads\/aimia-restaurant-lleida-espai-768x513.jpg 768w\" sizes=\"(max-width: 1200px) 100vw, 1200px\" \/>\t\t\t\t\t\t\t\t<\/a>\n\t\t\t\t\t\t\t\t\t\t\t\t\t\t\t<\/div>\n\t\t\t\t<\/div>\n\t\t\t\t<div class=\"elementor-element elementor-element-61003aa elementor-widget elementor-widget-heading\" data-id=\"61003aa\" data-element_type=\"widget\" data-e-type=\"widget\" data-widget_type=\"heading.default\">\n\t\t\t\t<div class=\"elementor-widget-container\">\n\t\t\t\t\t<h2 class=\"elementor-heading-title elementor-size-default\"><a href=\"https:\/\/aimia.cat\/es\/espacio\/\">Espacio<\/a><\/h2>\t\t\t\t<\/div>\n\t\t\t\t<\/div>\n\t\t\t\t<div class=\"elementor-element elementor-element-9c8b9e8 elementor-widget elementor-widget-text-editor\" data-id=\"9c8b9e8\" data-element_type=\"widget\" data-e-type=\"widget\" data-widget_type=\"text-editor.default\">\n\t\t\t\t<div class=\"elementor-widget-container\">\n\t\t\t\t\t\t\t\t\t<p>Debido a la situaci\u00f3n que estamos viviendo, hemos adaptado el restaurante a un ambiente m\u00e1s relajado.<\/p>\t\t\t\t\t\t\t\t<\/div>\n\t\t\t\t<\/div>\n\t\t\t\t<div class=\"elementor-element elementor-element-db3b050 elementor-widget elementor-widget-image\" data-id=\"db3b050\" data-element_type=\"widget\" data-e-type=\"widget\" data-widget_type=\"image.default\">\n\t\t\t\t<div class=\"elementor-widget-container\">\n\t\t\t\t\t\t\t\t\t\t\t\t\t\t\t<img decoding=\"async\" width=\"1200\" height=\"341\" src=\"https:\/\/aimia.cat\/wp-content\/uploads\/michelinfondo.jpg\" class=\"attachment-large size-large wp-image-648\" alt=\"\" srcset=\"https:\/\/aimia.cat\/wp-content\/uploads\/michelinfondo.jpg 1200w, https:\/\/aimia.cat\/wp-content\/uploads\/michelinfondo-768x218.jpg 768w\" sizes=\"(max-width: 1200px) 100vw, 1200px\" \/>\t\t\t\t\t\t\t\t\t\t\t\t\t\t\t<\/div>\n\t\t\t\t<\/div>\n\t\t\t\t<div class=\"elementor-element elementor-element-8d68696 elementor-align-center elementor-widget elementor-widget-button\" data-id=\"8d68696\" data-element_type=\"widget\" data-e-type=\"widget\" data-widget_type=\"button.default\">\n\t\t\t\t<div class=\"elementor-widget-container\">\n\t\t\t\t\t\t\t\t\t<div class=\"elementor-button-wrapper\">\n\t\t\t\t\t<a class=\"elementor-button elementor-button-link elementor-size-sm\" href=\"https:\/\/aimia.cat\/es\/reservas\/\" target=\"_blank\">\n\t\t\t\t\t\t<span class=\"elementor-button-content-wrapper\">\n\t\t\t\t\t\t\t\t\t<span class=\"elementor-button-text\">RESERVA<\/span>\n\t\t\t\t\t<\/span>\n\t\t\t\t\t<\/a>\n\t\t\t\t<\/div>\n\t\t\t\t\t\t\t\t<\/div>\n\t\t\t\t<\/div>\n\t\t\t\t\t<\/div>\n\t\t<\/div>\n\t\t\t\t\t<\/div>\n\t\t<\/section>\n\t\t\t\t<\/div>\n\t\t","protected":false},"excerpt":{"rendered":"<p>Oficio, Pasi\u00f3n, Detalle y Calidad Hola, soy Jordi Pall\u00e0s y me encontrar\u00e1s en el restaurante Aimia de Lleida haciendo lo que m\u00e1s me gusta: cocinar para ti. Desde el a\u00f1o 2012, y junto a un equipo humano y cercano, transformo mi visi\u00f3n del mundo de la gastronom\u00eda en una cocina con ra\u00edces, sabrosa e intuitiva [&hellip;]<\/p>\n","protected":false},"author":1,"featured_media":0,"parent":0,"menu_order":0,"comment_status":"closed","ping_status":"closed","template":"","meta":{"footnotes":""},"class_list":["post-718","page","type-page","status-publish","hentry"],"_links":{"self":[{"href":"https:\/\/aimia.cat\/es\/wp-json\/wp\/v2\/pages\/718","targetHints":{"allow":["GET"]}}],"collection":[{"href":"https:\/\/aimia.cat\/es\/wp-json\/wp\/v2\/pages"}],"about":[{"href":"https:\/\/aimia.cat\/es\/wp-json\/wp\/v2\/types\/page"}],"author":[{"embeddable":true,"href":"https:\/\/aimia.cat\/es\/wp-json\/wp\/v2\/users\/1"}],"replies":[{"embeddable":true,"href":"https:\/\/aimia.cat\/es\/wp-json\/wp\/v2\/comments?post=718"}],"version-history":[{"count":4,"href":"https:\/\/aimia.cat\/es\/wp-json\/wp\/v2\/pages\/718\/revisions"}],"predecessor-version":[{"id":831,"href":"https:\/\/aimia.cat\/es\/wp-json\/wp\/v2\/pages\/718\/revisions\/831"}],"wp:attachment":[{"href":"https:\/\/aimia.cat\/es\/wp-json\/wp\/v2\/media?parent=718"}],"curies":[{"name":"wp","href":"https:\/\/api.w.org\/{rel}","templated":true}]}}