{"id":724,"date":"2021-06-18T06:38:58","date_gmt":"2021-06-18T04:38:58","guid":{"rendered":"https:\/\/aimia.cat\/equip\/"},"modified":"2021-07-05T06:38:46","modified_gmt":"2021-07-05T04:38:46","slug":"equipo","status":"publish","type":"page","link":"https:\/\/aimia.cat\/es\/equipo\/","title":{"rendered":"Equipo"},"content":{"rendered":"\t\t<div data-elementor-type=\"wp-page\" data-elementor-id=\"724\" class=\"elementor elementor-724 elementor-21\" data-elementor-post-type=\"page\">\n\t\t\t\t\t\t<section class=\"elementor-section elementor-top-section elementor-element elementor-element-c71b6e4 elementor-section-boxed elementor-section-height-default elementor-section-height-default\" data-id=\"c71b6e4\" data-element_type=\"section\" data-e-type=\"section\">\n\t\t\t\t\t\t<div class=\"elementor-container elementor-column-gap-default\">\n\t\t\t\t\t<div class=\"elementor-column elementor-col-100 elementor-top-column elementor-element elementor-element-4c5ca66\" data-id=\"4c5ca66\" data-element_type=\"column\" data-e-type=\"column\">\n\t\t\t<div class=\"elementor-widget-wrap elementor-element-populated\">\n\t\t\t\t\t\t<div class=\"elementor-element elementor-element-3ad1c16 elementor-widget elementor-widget-image\" data-id=\"3ad1c16\" data-element_type=\"widget\" data-e-type=\"widget\" data-widget_type=\"image.default\">\n\t\t\t\t<div class=\"elementor-widget-container\">\n\t\t\t\t\t\t\t\t\t\t\t\t\t\t\t<img fetchpriority=\"high\" decoding=\"async\" width=\"1200\" height=\"801\" src=\"https:\/\/aimia.cat\/wp-content\/uploads\/aimia-restaurant-lleida-equip.jpg\" class=\"attachment-large size-large wp-image-267\" alt=\"\" srcset=\"https:\/\/aimia.cat\/wp-content\/uploads\/aimia-restaurant-lleida-equip.jpg 1200w, https:\/\/aimia.cat\/wp-content\/uploads\/aimia-restaurant-lleida-equip-768x513.jpg 768w\" sizes=\"(max-width: 1200px) 100vw, 1200px\" \/>\t\t\t\t\t\t\t\t\t\t\t\t\t\t\t<\/div>\n\t\t\t\t<\/div>\n\t\t\t\t<div class=\"elementor-element elementor-element-b90b7b9 elementor-widget elementor-widget-heading\" data-id=\"b90b7b9\" data-element_type=\"widget\" data-e-type=\"widget\" data-widget_type=\"heading.default\">\n\t\t\t\t<div class=\"elementor-widget-container\">\n\t\t\t\t\t<h1 class=\"elementor-heading-title elementor-size-default\">Un peque\u00f1o gran equipo a tu servicio<\/h1>\t\t\t\t<\/div>\n\t\t\t\t<\/div>\n\t\t\t\t<div class=\"elementor-element elementor-element-d63cf0a elementor-widget elementor-widget-text-editor\" data-id=\"d63cf0a\" data-element_type=\"widget\" data-e-type=\"widget\" data-widget_type=\"text-editor.default\">\n\t\t\t\t<div class=\"elementor-widget-container\">\n\t\t\t\t\t\t\t\t\t<p>En Aimia tenemos la inmensa suerte de trabajar desde hace mucho tiempo un equipo de profesionales unido, humano y cercano.<\/p><p><strong>V\u00edctor y Sergio en la mesa. Ra\u00fcl y yo, Jordi, en la cocina. Paulina de refuerzo en la cocina.<\/strong><\/p><p>Ahora que ya sabes qui\u00e9n somos, te invitamos a visitarnos para saborear nuestra <a href=\"https:\/\/aimia.cat\/es\/cocina\/\">cocina <\/a>en un <a href=\"https:\/\/aimia.cat\/es\/espacio\/\">espacio\u00a0<\/a> donde te sentir\u00e1s relajado y c\u00f3modo.<\/p>\t\t\t\t\t\t\t\t<\/div>\n\t\t\t\t<\/div>\n\t\t\t\t<div class=\"elementor-element elementor-element-5a628c8 elementor-align-center elementor-widget elementor-widget-button\" data-id=\"5a628c8\" data-element_type=\"widget\" data-e-type=\"widget\" data-widget_type=\"button.default\">\n\t\t\t\t<div class=\"elementor-widget-container\">\n\t\t\t\t\t\t\t\t\t<div class=\"elementor-button-wrapper\">\n\t\t\t\t\t<a class=\"elementor-button elementor-button-link elementor-size-sm\" href=\"https:\/\/aimia.cat\/es\/reservas\/\" target=\"_blank\">\n\t\t\t\t\t\t<span class=\"elementor-button-content-wrapper\">\n\t\t\t\t\t\t\t\t\t<span class=\"elementor-button-text\">RESERVA<\/span>\n\t\t\t\t\t<\/span>\n\t\t\t\t\t<\/a>\n\t\t\t\t<\/div>\n\t\t\t\t\t\t\t\t<\/div>\n\t\t\t\t<\/div>\n\t\t\t\t\t<\/div>\n\t\t<\/div>\n\t\t\t\t\t<\/div>\n\t\t<\/section>\n\t\t\t\t<\/div>\n\t\t","protected":false},"excerpt":{"rendered":"<p>Un peque\u00f1o gran equipo a tu servicio En Aimia tenemos la inmensa suerte de trabajar desde hace mucho tiempo un equipo de profesionales unido, humano y cercano. V\u00edctor y Sergio en la mesa. Ra\u00fcl y yo, Jordi, en la cocina. Paulina de refuerzo en la cocina. Ahora que ya sabes qui\u00e9n somos, te invitamos a [&hellip;]<\/p>\n","protected":false},"author":1,"featured_media":0,"parent":0,"menu_order":0,"comment_status":"closed","ping_status":"closed","template":"","meta":{"footnotes":""},"class_list":["post-724","page","type-page","status-publish","hentry"],"_links":{"self":[{"href":"https:\/\/aimia.cat\/es\/wp-json\/wp\/v2\/pages\/724","targetHints":{"allow":["GET"]}}],"collection":[{"href":"https:\/\/aimia.cat\/es\/wp-json\/wp\/v2\/pages"}],"about":[{"href":"https:\/\/aimia.cat\/es\/wp-json\/wp\/v2\/types\/page"}],"author":[{"embeddable":true,"href":"https:\/\/aimia.cat\/es\/wp-json\/wp\/v2\/users\/1"}],"replies":[{"embeddable":true,"href":"https:\/\/aimia.cat\/es\/wp-json\/wp\/v2\/comments?post=724"}],"version-history":[{"count":10,"href":"https:\/\/aimia.cat\/es\/wp-json\/wp\/v2\/pages\/724\/revisions"}],"predecessor-version":[{"id":908,"href":"https:\/\/aimia.cat\/es\/wp-json\/wp\/v2\/pages\/724\/revisions\/908"}],"wp:attachment":[{"href":"https:\/\/aimia.cat\/es\/wp-json\/wp\/v2\/media?parent=724"}],"curies":[{"name":"wp","href":"https:\/\/api.w.org\/{rel}","templated":true}]}}